{"id":2143,"date":"2019-11-11T23:33:09","date_gmt":"2019-11-11T22:33:09","guid":{"rendered":"https:\/\/slook.speedyweb.pl\/?page_id=2143"},"modified":"2021-04-23T13:46:58","modified_gmt":"2021-04-23T11:46:58","slug":"upgrade","status":"publish","type":"page","link":"https:\/\/v973f65xkst.c.updraftclone.com\/ro\/upgrade\/","title":{"rendered":"Actualizati"},"content":{"rendered":"","protected":false},"excerpt":{"rendered":"","protected":false},"author":6,"featured_media":0,"parent":0,"menu_order":0,"comment_status":"closed","ping_status":"closed","template":"","meta":{"footnotes":""},"class_list":["post-2143","page","type-page","status-publish","hentry"],"yoast_head":"<!-- This site is optimized with the Yoast SEO plugin v27.6 - https:\/\/yoast.com\/product\/yoast-seo-wordpress\/ -->\n<title>Statlook Upgrade<\/title>\n<meta name=\"description\" content=\"\u00cen cea mai recent\u0103 versiune a sistemului statlook, punem accentul pe securitatea crescut\u0103 \u00een gestionarea datelor cu caracter personal (GDPR), licen\u021be, resurse, utilizatori.\" \/>\n<meta name=\"robots\" content=\"index, follow, max-snippet:-1, max-image-preview:large, max-video-preview:-1\" \/>\n<link rel=\"canonical\" href=\"https:\/\/v973f65xkst.c.updraftclone.com\/ro\/upgrade\/\" \/>\n<meta property=\"og:locale\" content=\"ro_RO\" \/>\n<meta property=\"og:type\" content=\"article\" \/>\n<meta property=\"og:title\" content=\"Statlook Upgrade\" \/>\n<meta property=\"og:description\" content=\"\u00cen cea mai recent\u0103 versiune a sistemului statlook, punem accentul pe securitatea crescut\u0103 \u00een gestionarea datelor cu caracter personal (GDPR), licen\u021be, resurse, utilizatori.\" \/>\n<meta property=\"og:url\" content=\"https:\/\/v973f65xkst.c.updraftclone.com\/ro\/upgrade\/\" \/>\n<meta property=\"og:site_name\" content=\"Statlook RO\" \/>\n<meta property=\"article:modified_time\" content=\"2021-04-23T11:46:58+00:00\" \/>\n<meta name=\"twitter:card\" content=\"summary_large_image\" \/>\n<script type=\"application\/ld+json\" class=\"yoast-schema-graph\">{\"@context\":\"https:\\\/\\\/schema.org\",\"@graph\":[{\"@type\":\"WebPage\",\"@id\":\"https:\\\/\\\/v973f65xkst.c.updraftclone.com\\\/ro\\\/upgrade\\\/\",\"url\":\"https:\\\/\\\/v973f65xkst.c.updraftclone.com\\\/ro\\\/upgrade\\\/\",\"name\":\"Statlook Upgrade\",\"isPartOf\":{\"@id\":\"https:\\\/\\\/v973f65xkst.c.updraftclone.com\\\/ro\\\/#website\"},\"datePublished\":\"2019-11-11T22:33:09+00:00\",\"dateModified\":\"2021-04-23T11:46:58+00:00\",\"description\":\"\u00cen cea mai recent\u0103 versiune a sistemului statlook, punem accentul pe securitatea crescut\u0103 \u00een gestionarea datelor cu caracter personal (GDPR), licen\u021be, resurse, utilizatori.\",\"breadcrumb\":{\"@id\":\"https:\\\/\\\/v973f65xkst.c.updraftclone.com\\\/ro\\\/upgrade\\\/#breadcrumb\"},\"inLanguage\":\"ro-RO\",\"potentialAction\":[{\"@type\":\"ReadAction\",\"target\":[\"https:\\\/\\\/v973f65xkst.c.updraftclone.com\\\/ro\\\/upgrade\\\/\"]}]},{\"@type\":\"BreadcrumbList\",\"@id\":\"https:\\\/\\\/v973f65xkst.c.updraftclone.com\\\/ro\\\/upgrade\\\/#breadcrumb\",\"itemListElement\":[{\"@type\":\"ListItem\",\"position\":1,\"name\":\"Strona g\u0142\u00f3wna\",\"item\":\"https:\\\/\\\/v973f65xkst.c.updraftclone.com\\\/ro\\\/\"},{\"@type\":\"ListItem\",\"position\":2,\"name\":\"Actualizati\"}]},{\"@type\":\"WebSite\",\"@id\":\"https:\\\/\\\/v973f65xkst.c.updraftclone.com\\\/ro\\\/#website\",\"url\":\"https:\\\/\\\/v973f65xkst.c.updraftclone.com\\\/ro\\\/\",\"name\":\"Statlook RO\",\"description\":\"rumu\u0144ska wersja strony statlook\",\"potentialAction\":[{\"@type\":\"SearchAction\",\"target\":{\"@type\":\"EntryPoint\",\"urlTemplate\":\"https:\\\/\\\/v973f65xkst.c.updraftclone.com\\\/ro\\\/?s={search_term_string}\"},\"query-input\":{\"@type\":\"PropertyValueSpecification\",\"valueRequired\":true,\"valueName\":\"search_term_string\"}}],\"inLanguage\":\"ro-RO\"}]}<\/script>\n<!-- \/ Yoast SEO plugin. -->","yoast_head_json":{"title":"Statlook Upgrade","description":"\u00cen cea mai recent\u0103 versiune a sistemului statlook, punem accentul pe securitatea crescut\u0103 \u00een gestionarea datelor cu caracter personal (GDPR), licen\u021be, resurse, utilizatori.","robots":{"index":"index","follow":"follow","max-snippet":"max-snippet:-1","max-image-preview":"max-image-preview:large","max-video-preview":"max-video-preview:-1"},"canonical":"https:\/\/v973f65xkst.c.updraftclone.com\/ro\/upgrade\/","og_locale":"ro_RO","og_type":"article","og_title":"Statlook Upgrade","og_description":"\u00cen cea mai recent\u0103 versiune a sistemului statlook, punem accentul pe securitatea crescut\u0103 \u00een gestionarea datelor cu caracter personal (GDPR), licen\u021be, resurse, utilizatori.","og_url":"https:\/\/v973f65xkst.c.updraftclone.com\/ro\/upgrade\/","og_site_name":"Statlook RO","article_modified_time":"2021-04-23T11:46:58+00:00","twitter_card":"summary_large_image","schema":{"@context":"https:\/\/schema.org","@graph":[{"@type":"WebPage","@id":"https:\/\/v973f65xkst.c.updraftclone.com\/ro\/upgrade\/","url":"https:\/\/v973f65xkst.c.updraftclone.com\/ro\/upgrade\/","name":"Statlook Upgrade","isPartOf":{"@id":"https:\/\/v973f65xkst.c.updraftclone.com\/ro\/#website"},"datePublished":"2019-11-11T22:33:09+00:00","dateModified":"2021-04-23T11:46:58+00:00","description":"\u00cen cea mai recent\u0103 versiune a sistemului statlook, punem accentul pe securitatea crescut\u0103 \u00een gestionarea datelor cu caracter personal (GDPR), licen\u021be, resurse, utilizatori.","breadcrumb":{"@id":"https:\/\/v973f65xkst.c.updraftclone.com\/ro\/upgrade\/#breadcrumb"},"inLanguage":"ro-RO","potentialAction":[{"@type":"ReadAction","target":["https:\/\/v973f65xkst.c.updraftclone.com\/ro\/upgrade\/"]}]},{"@type":"BreadcrumbList","@id":"https:\/\/v973f65xkst.c.updraftclone.com\/ro\/upgrade\/#breadcrumb","itemListElement":[{"@type":"ListItem","position":1,"name":"Strona g\u0142\u00f3wna","item":"https:\/\/v973f65xkst.c.updraftclone.com\/ro\/"},{"@type":"ListItem","position":2,"name":"Actualizati"}]},{"@type":"WebSite","@id":"https:\/\/v973f65xkst.c.updraftclone.com\/ro\/#website","url":"https:\/\/v973f65xkst.c.updraftclone.com\/ro\/","name":"Statlook RO","description":"rumu\u0144ska wersja strony statlook","potentialAction":[{"@type":"SearchAction","target":{"@type":"EntryPoint","urlTemplate":"https:\/\/v973f65xkst.c.updraftclone.com\/ro\/?s={search_term_string}"},"query-input":{"@type":"PropertyValueSpecification","valueRequired":true,"valueName":"search_term_string"}}],"inLanguage":"ro-RO"}]}},"_links":{"self":[{"href":"https:\/\/v973f65xkst.c.updraftclone.com\/ro\/wp-json\/wp\/v2\/pages\/2143","targetHints":{"allow":["GET"]}}],"collection":[{"href":"https:\/\/v973f65xkst.c.updraftclone.com\/ro\/wp-json\/wp\/v2\/pages"}],"about":[{"href":"https:\/\/v973f65xkst.c.updraftclone.com\/ro\/wp-json\/wp\/v2\/types\/page"}],"author":[{"embeddable":true,"href":"https:\/\/v973f65xkst.c.updraftclone.com\/ro\/wp-json\/wp\/v2\/users\/6"}],"replies":[{"embeddable":true,"href":"https:\/\/v973f65xkst.c.updraftclone.com\/ro\/wp-json\/wp\/v2\/comments?post=2143"}],"version-history":[{"count":8,"href":"https:\/\/v973f65xkst.c.updraftclone.com\/ro\/wp-json\/wp\/v2\/pages\/2143\/revisions"}],"predecessor-version":[{"id":43722,"href":"https:\/\/v973f65xkst.c.updraftclone.com\/ro\/wp-json\/wp\/v2\/pages\/2143\/revisions\/43722"}],"wp:attachment":[{"href":"https:\/\/v973f65xkst.c.updraftclone.com\/ro\/wp-json\/wp\/v2\/media?parent=2143"}],"curies":[{"name":"wp","href":"https:\/\/api.w.org\/{rel}","templated":true}]}}