{"id":43262,"date":"2020-03-11T11:09:51","date_gmt":"2020-03-11T10:09:51","guid":{"rendered":"https:\/\/www.statlook.com\/pl\/?page_id=43262"},"modified":"2021-04-22T12:14:18","modified_gmt":"2021-04-22T10:14:18","slug":"webinars-praca-zdalna","status":"publish","type":"page","link":"https:\/\/v973f65xkst.c.updraftclone.com\/pl\/webinars-praca-zdalna\/","title":{"rendered":"Webinars - praca zdalna"},"content":{"rendered":"\n<ul class=\"wp-block-list\"><li><\/li><\/ul>\n","protected":false},"excerpt":{"rendered":"","protected":false},"author":6,"featured_media":0,"parent":0,"menu_order":0,"comment_status":"closed","ping_status":"closed","template":"","meta":{"footnotes":""},"class_list":["post-43262","page","type-page","status-publish","hentry"],"yoast_head":"<!-- This site is optimized with the Yoast SEO plugin v27.6 - https:\/\/yoast.com\/product\/yoast-seo-wordpress\/ -->\n<title>Webinaria IT na \u017cywo - Zapisz Si\u0119 Na Darmowy Webinar!<\/title>\n<meta name=\"description\" content=\"Zapisz si\u0119 Na Darmowe Webinaria IT! Dowiedz si\u0119 wi\u0119cej o systemach statlook i uplook. Dla Administrator\u00f3w IT, W\u0142a\u015bcicieli Firm, Urz\u0119d\u00f3w. Wypr\u00f3buj Za Darmo!\" \/>\n<meta name=\"robots\" content=\"index, follow, max-snippet:-1, max-image-preview:large, max-video-preview:-1\" \/>\n<link rel=\"canonical\" href=\"https:\/\/v973f65xkst.c.updraftclone.com\/pl\/webinars-praca-zdalna\/\" \/>\n<meta property=\"og:locale\" content=\"pl_PL\" \/>\n<meta property=\"og:type\" content=\"article\" \/>\n<meta property=\"og:title\" content=\"Webinaria IT na \u017cywo - Zapisz Si\u0119 Na Darmowy Webinar!\" \/>\n<meta property=\"og:description\" content=\"Zapisz si\u0119 Na Darmowe Webinaria IT! Dowiedz si\u0119 wi\u0119cej o systemach statlook i uplook. Dla Administrator\u00f3w IT, W\u0142a\u015bcicieli Firm, Urz\u0119d\u00f3w. Wypr\u00f3buj Za Darmo!\" \/>\n<meta property=\"og:url\" content=\"https:\/\/v973f65xkst.c.updraftclone.com\/pl\/webinars-praca-zdalna\/\" \/>\n<meta property=\"og:site_name\" content=\"Statlook PL\" \/>\n<meta property=\"article:modified_time\" content=\"2021-04-22T10:14:18+00:00\" \/>\n<meta name=\"twitter:card\" content=\"summary_large_image\" \/>\n<script type=\"application\/ld+json\" class=\"yoast-schema-graph\">{\"@context\":\"https:\\\/\\\/schema.org\",\"@graph\":[{\"@type\":\"WebPage\",\"@id\":\"https:\\\/\\\/v973f65xkst.c.updraftclone.com\\\/pl\\\/webinars-praca-zdalna\\\/\",\"url\":\"https:\\\/\\\/v973f65xkst.c.updraftclone.com\\\/pl\\\/webinars-praca-zdalna\\\/\",\"name\":\"Webinaria IT na \u017cywo - Zapisz Si\u0119 Na Darmowy Webinar!\",\"isPartOf\":{\"@id\":\"https:\\\/\\\/v973f65xkst.c.updraftclone.com\\\/pl\\\/#website\"},\"datePublished\":\"2020-03-11T10:09:51+00:00\",\"dateModified\":\"2021-04-22T10:14:18+00:00\",\"description\":\"Zapisz si\u0119 Na Darmowe Webinaria IT! Dowiedz si\u0119 wi\u0119cej o systemach statlook i uplook. Dla Administrator\u00f3w IT, W\u0142a\u015bcicieli Firm, Urz\u0119d\u00f3w. Wypr\u00f3buj Za Darmo!\",\"breadcrumb\":{\"@id\":\"https:\\\/\\\/v973f65xkst.c.updraftclone.com\\\/pl\\\/webinars-praca-zdalna\\\/#breadcrumb\"},\"inLanguage\":\"pl-PL\",\"potentialAction\":[{\"@type\":\"ReadAction\",\"target\":[\"https:\\\/\\\/v973f65xkst.c.updraftclone.com\\\/pl\\\/webinars-praca-zdalna\\\/\"]}]},{\"@type\":\"BreadcrumbList\",\"@id\":\"https:\\\/\\\/v973f65xkst.c.updraftclone.com\\\/pl\\\/webinars-praca-zdalna\\\/#breadcrumb\",\"itemListElement\":[{\"@type\":\"ListItem\",\"position\":1,\"name\":\"Strona g\u0142\u00f3wna\",\"item\":\"https:\\\/\\\/v973f65xkst.c.updraftclone.com\\\/pl\\\/\"},{\"@type\":\"ListItem\",\"position\":2,\"name\":\"Webinars - praca zdalna\"}]},{\"@type\":\"WebSite\",\"@id\":\"https:\\\/\\\/v973f65xkst.c.updraftclone.com\\\/pl\\\/#website\",\"url\":\"https:\\\/\\\/v973f65xkst.c.updraftclone.com\\\/pl\\\/\",\"name\":\"Statlook PL\",\"description\":\"polska wersja strony statlook\",\"potentialAction\":[{\"@type\":\"SearchAction\",\"target\":{\"@type\":\"EntryPoint\",\"urlTemplate\":\"https:\\\/\\\/v973f65xkst.c.updraftclone.com\\\/pl\\\/?s={search_term_string}\"},\"query-input\":{\"@type\":\"PropertyValueSpecification\",\"valueRequired\":true,\"valueName\":\"search_term_string\"}}],\"inLanguage\":\"pl-PL\"}]}<\/script>\n<!-- \/ Yoast SEO plugin. -->","yoast_head_json":{"title":"Webinaria IT na \u017cywo - Zapisz Si\u0119 Na Darmowy Webinar!","description":"Zapisz si\u0119 Na Darmowe Webinaria IT! Dowiedz si\u0119 wi\u0119cej o systemach statlook i uplook. Dla Administrator\u00f3w IT, W\u0142a\u015bcicieli Firm, Urz\u0119d\u00f3w. Wypr\u00f3buj Za Darmo!","robots":{"index":"index","follow":"follow","max-snippet":"max-snippet:-1","max-image-preview":"max-image-preview:large","max-video-preview":"max-video-preview:-1"},"canonical":"https:\/\/v973f65xkst.c.updraftclone.com\/pl\/webinars-praca-zdalna\/","og_locale":"pl_PL","og_type":"article","og_title":"Webinaria IT na \u017cywo - Zapisz Si\u0119 Na Darmowy Webinar!","og_description":"Zapisz si\u0119 Na Darmowe Webinaria IT! Dowiedz si\u0119 wi\u0119cej o systemach statlook i uplook. Dla Administrator\u00f3w IT, W\u0142a\u015bcicieli Firm, Urz\u0119d\u00f3w. Wypr\u00f3buj Za Darmo!","og_url":"https:\/\/v973f65xkst.c.updraftclone.com\/pl\/webinars-praca-zdalna\/","og_site_name":"Statlook PL","article_modified_time":"2021-04-22T10:14:18+00:00","twitter_card":"summary_large_image","schema":{"@context":"https:\/\/schema.org","@graph":[{"@type":"WebPage","@id":"https:\/\/v973f65xkst.c.updraftclone.com\/pl\/webinars-praca-zdalna\/","url":"https:\/\/v973f65xkst.c.updraftclone.com\/pl\/webinars-praca-zdalna\/","name":"Webinaria IT na \u017cywo - Zapisz Si\u0119 Na Darmowy Webinar!","isPartOf":{"@id":"https:\/\/v973f65xkst.c.updraftclone.com\/pl\/#website"},"datePublished":"2020-03-11T10:09:51+00:00","dateModified":"2021-04-22T10:14:18+00:00","description":"Zapisz si\u0119 Na Darmowe Webinaria IT! Dowiedz si\u0119 wi\u0119cej o systemach statlook i uplook. Dla Administrator\u00f3w IT, W\u0142a\u015bcicieli Firm, Urz\u0119d\u00f3w. Wypr\u00f3buj Za Darmo!","breadcrumb":{"@id":"https:\/\/v973f65xkst.c.updraftclone.com\/pl\/webinars-praca-zdalna\/#breadcrumb"},"inLanguage":"pl-PL","potentialAction":[{"@type":"ReadAction","target":["https:\/\/v973f65xkst.c.updraftclone.com\/pl\/webinars-praca-zdalna\/"]}]},{"@type":"BreadcrumbList","@id":"https:\/\/v973f65xkst.c.updraftclone.com\/pl\/webinars-praca-zdalna\/#breadcrumb","itemListElement":[{"@type":"ListItem","position":1,"name":"Strona g\u0142\u00f3wna","item":"https:\/\/v973f65xkst.c.updraftclone.com\/pl\/"},{"@type":"ListItem","position":2,"name":"Webinars - praca zdalna"}]},{"@type":"WebSite","@id":"https:\/\/v973f65xkst.c.updraftclone.com\/pl\/#website","url":"https:\/\/v973f65xkst.c.updraftclone.com\/pl\/","name":"Statlook PL","description":"polska wersja strony statlook","potentialAction":[{"@type":"SearchAction","target":{"@type":"EntryPoint","urlTemplate":"https:\/\/v973f65xkst.c.updraftclone.com\/pl\/?s={search_term_string}"},"query-input":{"@type":"PropertyValueSpecification","valueRequired":true,"valueName":"search_term_string"}}],"inLanguage":"pl-PL"}]}},"_links":{"self":[{"href":"https:\/\/v973f65xkst.c.updraftclone.com\/pl\/wp-json\/wp\/v2\/pages\/43262","targetHints":{"allow":["GET"]}}],"collection":[{"href":"https:\/\/v973f65xkst.c.updraftclone.com\/pl\/wp-json\/wp\/v2\/pages"}],"about":[{"href":"https:\/\/v973f65xkst.c.updraftclone.com\/pl\/wp-json\/wp\/v2\/types\/page"}],"author":[{"embeddable":true,"href":"https:\/\/v973f65xkst.c.updraftclone.com\/pl\/wp-json\/wp\/v2\/users\/6"}],"replies":[{"embeddable":true,"href":"https:\/\/v973f65xkst.c.updraftclone.com\/pl\/wp-json\/wp\/v2\/comments?post=43262"}],"version-history":[{"count":2,"href":"https:\/\/v973f65xkst.c.updraftclone.com\/pl\/wp-json\/wp\/v2\/pages\/43262\/revisions"}],"predecessor-version":[{"id":43269,"href":"https:\/\/v973f65xkst.c.updraftclone.com\/pl\/wp-json\/wp\/v2\/pages\/43262\/revisions\/43269"}],"wp:attachment":[{"href":"https:\/\/v973f65xkst.c.updraftclone.com\/pl\/wp-json\/wp\/v2\/media?parent=43262"}],"curies":[{"name":"wp","href":"https:\/\/api.w.org\/{rel}","templated":true}]}}